{"id":326,"date":"2020-12-03T18:54:11","date_gmt":"2020-12-03T17:54:11","guid":{"rendered":"https:\/\/bradeum.com\/bradeum-multilingual\/?page_id=326"},"modified":"2020-12-03T18:55:52","modified_gmt":"2020-12-03T17:55:52","slug":"aviso-legal","status":"publish","type":"page","link":"https:\/\/bradeum.com\/es\/aviso-legal\/","title":{"rendered":"Aviso legal"},"content":{"rendered":"<p><strong>Indicaciones sobre el art\u00edculo 5 de la ley alemana sobre comercio electr\u00f3nico <\/strong><\/p>\n<p>Bradeum AG<br \/>\nLandstrasse 99<br \/>\n9494 Schaan<br \/>\n+423 7970957 <\/p>\n<p>Correo electr\u00f3nico: brade@bradeum.com <\/p>\n<p>Representada por Christian Brade <\/p>\n<p>Registro mercantil, N\u00famero de registro <\/p>\n<p>F\u00fcrstentum Liechtenstein, FL-0002.626.752-5 <\/p>\n<p>Autoridad supervisora competente  <\/p>\n<p>Amt f\u00fcr Volkswirtschaft Liechtenstein, Postfach 684, 9490 Vaduz <\/p>\n","protected":false},"excerpt":{"rendered":"<p>Indicaciones sobre el art\u00edculo 5 de la ley alemana sobre comercio electr\u00f3nico Bradeum AG Landstrasse 99 9494 Schaan +423 7970957 Correo electr\u00f3nico: brade@bradeum.com Representada por Christian Brade Registro mercantil, N\u00famero de registro F\u00fcrstentum Liechtenstein, FL-0002.626.752-5 Autoridad supervisora competente Amt f\u00fcr Volkswirtschaft Liechtenstein, Postfach 684, 9490 Vaduz<\/p>\n","protected":false},"author":1,"featured_media":0,"parent":0,"menu_order":0,"comment_status":"closed","ping_status":"closed","template":"","meta":{"_acf_changed":false,"footnotes":""},"class_list":["post-326","page","type-page","status-publish","hentry"],"acf":[],"_links":{"self":[{"href":"https:\/\/bradeum.com\/es\/wp-json\/wp\/v2\/pages\/326"}],"collection":[{"href":"https:\/\/bradeum.com\/es\/wp-json\/wp\/v2\/pages"}],"about":[{"href":"https:\/\/bradeum.com\/es\/wp-json\/wp\/v2\/types\/page"}],"author":[{"embeddable":true,"href":"https:\/\/bradeum.com\/es\/wp-json\/wp\/v2\/users\/1"}],"replies":[{"embeddable":true,"href":"https:\/\/bradeum.com\/es\/wp-json\/wp\/v2\/comments?post=326"}],"version-history":[{"count":0,"href":"https:\/\/bradeum.com\/es\/wp-json\/wp\/v2\/pages\/326\/revisions"}],"wp:attachment":[{"href":"https:\/\/bradeum.com\/es\/wp-json\/wp\/v2\/media?parent=326"}],"curies":[{"name":"wp","href":"https:\/\/api.w.org\/{rel}","templated":true}]}}